{"id":107,"date":"2019-04-28T14:22:24","date_gmt":"2019-04-28T12:22:24","guid":{"rendered":"https:\/\/magjuliastammer.wordpress.com\/?page_id=107"},"modified":"2019-06-10T19:40:29","modified_gmt":"2019-06-10T19:40:29","slug":"selbsterfahrungundsupervision","status":"publish","type":"page","link":"http:\/\/www.JuliaStammer.com\/?page_id=107","title":{"rendered":"Selbsterfahrung &#038; Supervision"},"content":{"rendered":"\n<p>Gerne gebe ich mein Wissen und meine berufliche Erfahrung, welche ich in vielen Jahren in verschiedenen Kliniken (in \u00d6sterreich und in Deutschland) und im Zuge meiner selbstst\u00e4ndigen Arbeit gesammelt habe weiter. Bisher habe ich in Kliniken mit den Schwerpunkten: Psychosomatik, Neurologie, Orthop\u00e4die und Geriatrie gearbeitet. Einzel- und Gruppentherapie, sowie psychoedukative Verfahren sind mir gut vertraut. Ebenso durfte ich als psychologische Leitung wichtige Erfahrungen sammeln.<\/p>\n\n\n\n<h4 class=\"wp-block-heading\"><strong>Selbsterfahrung<\/strong><\/h4>\n\n\n\n<p>Unter dem Begriff\u00a0\u201eSelbsterfahrung\u201c<strong>,<\/strong>\u00a0welche ich sowohl im Einzel- und im Gruppensetting anbiete, versteht man das\u00a0Kennenlernen und Reflektieren \u00fcber das Erleben und Agieren der eigenen\u00a0Person\u00a0(seines\u00a0Selbst) insbesondere in herausfordernden Situationen.\u00a0Sie dient dem pers\u00f6nlichen Erkenntnisgewinn sowie der pers\u00f6nlichen Entwicklung und ist \u2013 je nach angestrebter Ausbildung (z.B. im Bereich der Klinischen Psychologie) in unterschiedlicher Stundenanzahl vorgeschrieben.<\/p>\n\n\n\n<p>F\u00fcr AusbildungskandidatInnen zur Klinischen- bzw.\u00a0GesundheitspsychologIn\u00a0lautet die Regelung zur Selbsterfahrung wie folgt, siehe Psychologengesetz 2013,\u00a0f\u00fcr\u00a0Gesundheitspsychologen\u00a0gilt \u00a715. (1) 3., f\u00fcr\u00a0Klinische Psychologen\u00a0\u00a724. (1) 3.:<\/p>\n\n\n\n<p>\u201e\u2026<em>eine im Zusammenhang mit der Ausbildung zu absolvierende Selbsterfahrung im Ausma\u00df von zumindest 76 Einheiten, wovon zumindest 40 Einheiten in Einzelselbsterfahrung bei h\u00f6chstens zwei Personen zu absolvieren sind\u201c.<\/em>&nbsp;<\/p>\n\n\n\n<h4 class=\"wp-block-heading\"><strong>Supervision<\/strong><\/h4>\n\n\n\n<p>Supervision (latein. \u00dcber-Blick) ist eine Beratungsform, welche zum Ziel hat, das eigene Handeln zu \u00fcberpr\u00fcfen, zu erweitern und gegebenenfalls zu verbessern. Es geht darum Anregungen f\u00fcr neue Perspektiven und Behandlungsoptionen zu erlangen. Ich biete Supervision sowohl im Einzel- als auch im Gruppensetting an.<\/p>\n\n\n\n<p>F\u00fcr AusbildungskandidatInnen zur Klinischen- bzw.\u00a0GesundheitspsychologIn\u00a0lautet die Regelung zur Supervision wie folgt, siehe Psychologengesetz 2013, f\u00fcr\u00a0Gesundheitspsychologen\u00a0gilt \u00a715. (1) 3., f\u00fcr\u00a0Klinische Psychologen\u00a0\u00a724. (1) 3.:<\/p>\n\n\n\n<p><em>\u201e\u2026eine im Zusammenhang mit der Ausbildung zu absolvierende Supervision im Ausma\u00df von zumindest 120 Einheiten f\u00fcr Klinische Psychologen und 100 Einheiten f\u00fcr Gesundheitspsychologen\u201c.<\/em><\/p>\n","protected":false},"excerpt":{"rendered":"<p>Gerne gebe ich mein Wissen und meine berufliche Erfahrung, welche ich in vielen Jahren in verschiedenen Kliniken (in \u00d6sterreich und in Deutschland) und im Zuge meiner selbstst\u00e4ndigen Arbeit gesammelt habe weiter. Bisher habe ich in Kliniken mit den Schwerpunkten: Psychosomatik, Neurologie, Orthop\u00e4die und Geriatrie gearbeitet. Einzel- und Gruppentherapie, sowie psychoedukative [&hellip;]<\/p>\n","protected":false},"author":2,"featured_media":0,"parent":94,"menu_order":0,"comment_status":"closed","ping_status":"closed","template":"","meta":{"footnotes":""},"class_list":["post-107","page","type-page","status-publish","hentry"],"_links":{"self":[{"href":"http:\/\/www.JuliaStammer.com\/index.php?rest_route=\/wp\/v2\/pages\/107","targetHints":{"allow":["GET"]}}],"collection":[{"href":"http:\/\/www.JuliaStammer.com\/index.php?rest_route=\/wp\/v2\/pages"}],"about":[{"href":"http:\/\/www.JuliaStammer.com\/index.php?rest_route=\/wp\/v2\/types\/page"}],"author":[{"embeddable":true,"href":"http:\/\/www.JuliaStammer.com\/index.php?rest_route=\/wp\/v2\/users\/2"}],"replies":[{"embeddable":true,"href":"http:\/\/www.JuliaStammer.com\/index.php?rest_route=%2Fwp%2Fv2%2Fcomments&post=107"}],"version-history":[{"count":5,"href":"http:\/\/www.JuliaStammer.com\/index.php?rest_route=\/wp\/v2\/pages\/107\/revisions"}],"predecessor-version":[{"id":349,"href":"http:\/\/www.JuliaStammer.com\/index.php?rest_route=\/wp\/v2\/pages\/107\/revisions\/349"}],"up":[{"embeddable":true,"href":"http:\/\/www.JuliaStammer.com\/index.php?rest_route=\/wp\/v2\/pages\/94"}],"wp:attachment":[{"href":"http:\/\/www.JuliaStammer.com\/index.php?rest_route=%2Fwp%2Fv2%2Fmedia&parent=107"}],"curies":[{"name":"wp","href":"https:\/\/api.w.org\/{rel}","templated":true}]}}