{"id":359,"date":"2019-06-23T15:48:30","date_gmt":"2019-06-23T15:48:30","guid":{"rendered":"http:\/\/www.JuliaStammer.com\/?page_id=359"},"modified":"2019-06-23T16:25:51","modified_gmt":"2019-06-23T16:25:51","slug":"datenschutz","status":"publish","type":"page","link":"http:\/\/www.JuliaStammer.com\/?page_id=359","title":{"rendered":"Datenschutz"},"content":{"rendered":"\n<p>Der Schutz Ihrer pers\u00f6nlichen Daten ist mir ein besonderes Anliegen. Ich behandeln Ihre personenbezogenen Daten vertraulich und verarbeiten Ihre Daten daher ausschlie\u00dflich auf Grundlage der gesetzlichen Bestimmungen (DSGVO, TKG 2003). In diesen Datenschutzinformationen informieren ich Sie \u00fcber die wichtigsten Aspekte der Datenverarbeitung im Rahmen meiner Website. <\/p>\n\n\n\n<h4 class=\"wp-block-heading\">Algemeine Hinweise<\/h4>\n\n\n\n<p>Die folgenden Hinweise geben einen einfachen \u00dcberblick dar\u00fcber, was mit Ihren personenbezogenen Daten passiert, wenn Sie meine Website besuchen. Personenbezogene Daten sind alle Daten, mit denen Sie pers\u00f6nlich identifiziert werden k\u00f6nnen. Ausf\u00fchrliche Informationen zum Thema Datenschutz entnehmen Sie meiner unter diesem Text aufgef\u00fchrten Datenschutzerkl\u00e4rung.<\/p>\n\n\n\n<h4 class=\"wp-block-heading\">Datenerfassung auf meiner Webseite<\/h4>\n\n\n\n<p><strong>Wie erfassen ich Ihre Daten?<\/strong><\/p>\n\n\n\n<p>Ihre Daten werden zum einen dadurch erhoben, dass Sie mir diese mitteilen. Hierbei kann es sich z.B. um Daten handeln, die Sie in ein Kontaktformular eingeben.<\/p>\n\n\n\n<p>Andere Daten werden automatisch beim Besuch der Website durch meine IT-Systeme erfasst. Das sind vor allem technische Daten (z.B. Internetbrowser, Betriebssystem oder Uhrzeit des Seitenaufrufs). Die Erfassung dieser Daten erfolgt automatisch, sobald Sie meine Website betreten.<\/p>\n\n\n\n<p><strong>Wof\u00fcr nutzen ich Ihre Daten?<\/strong><\/p>\n\n\n\n<p>Ein Teil der Daten wird erhoben, um eine fehlerfreie Bereitstellung der Website zu gew\u00e4hrleisten bzw. die Kommunikation mit Ihnen zu vereinfachen. <\/p>\n\n\n\n<p><strong>Welche Rechte haben Sie bez\u00fcglich Ihrer Daten?<\/strong><\/p>\n\n\n\n<p>Sie haben jederzeit das Recht unentgeltlich Auskunft \u00fcber Herkunft, Empf\u00e4nger und Zweck Ihrer gespeicherten personenbezogenen Daten zu erhalten. Sie haben au\u00dferdem ein Recht, die Berichtigung, Sperrung oder L\u00f6schung dieser Daten zu verlangen. Hierzu sowie zu weiteren Fragen zum Thema Datenschutz k\u00f6nnen Sie sich jederzeit unter der im Impressum angegebenen Adresse an mich wenden. Des Weiteren steht Ihnen ein Beschwerderecht bei der zust\u00e4ndigen Aufsichtsbeh\u00f6rde zu.<\/p>\n\n\n\n<h4 class=\"wp-block-heading\">Datenschutz<\/h4>\n\n\n\n<p>Wir weisen darauf hin, dass die Daten\u00fcbertragung im Internet (z.B. bei der Kommunikation per E-Mail) Sicherheitsl\u00fccken aufweisen kann. Ein l\u00fcckenloser Schutz der Daten vor dem Zugriff durch Dritte ist nicht m\u00f6glich.<\/p>\n\n\n\n<p><strong>Kontakt mit mir:&nbsp;<\/strong>Wenn Sie per Telefon oder per Mail Kontakt mit mir aufnehmen, werden Ihre angegebenen Daten zwecks Bearbeitung Ihrer Anfrage und f\u00fcr den Fall von Anschlussfragen f\u00fcr die Dauer der Bearbeitung bei mir gespeichert.<\/p>\n\n\n\n<h4 class=\"wp-block-heading\">Automatische Datenspeicherung<\/h4>\n\n\n\n<p>Wenn Sie meine Webseite besuchen, speichert mein Webserver automatisch Daten wie:<\/p>\n\n\n\n<ul class=\"wp-block-list\"><li>die Adresse (URL) der aufgerufenen Webseite<\/li><li>Browser und Browserversion<\/li><li>das verwendete Betriebssystem<\/li><li>die Adresse (URL) der zuvor besuchten Seite (Referrer URL)<\/li><li>den Hostname und die IP-Adresse des Ger\u00e4ts von welchem aus zugegriffen wird<\/li><li>Datum und Uhrzeit<\/li><\/ul>\n\n\n\n<p>in Webserver-Logfiles.<\/p>\n\n\n\n<p>In der Regel werden Webserver-Logfiles zwei Wochen gespeichert und danach automatisch gel\u00f6scht. Ich geben diese Daten nicht weiter. Die Rechtsgrundlage besteht darin, dass berechtigtes Interesse daran besteht, den fehlerfreien Betrieb dieser Webseite durch das Erfassen von Webserver-Logfiles zu erm\u00f6glichen.<\/p>\n\n\n\n<h4 class=\"wp-block-heading\">Auftragsverarbeiter<\/h4>\n\n\n\n<p>F\u00fcr meine Datenverarbeitung ziehen ich Auftragsverarbeiter heran (Webhoster, CRM-System, Trackingsysteme). Diese Auftragsverarbeiter sind zum strengen Schutz Ihrer personenbezogenen Daten verpflichtet und d\u00fcrfen Ihre personenbezogenen Daten zu keinem anderen Zweck als zur Bereitstellung meiner Dienste verarbeiten.<\/p>\n\n\n\n<h4 class=\"wp-block-heading\">SSL- bzw. TLS-Verschl\u00fcsselung<\/h4>\n\n\n\n<p>Diese Seite nutzt aus Sicherheitsgr\u00fcnden und zum Schutz der \u00dcbertragung vertraulicher Inhalte, wie zum Beispiel bei Anfragen, die Sie an mich als Seitenbetreiber senden, eine SSL-bzw. TLS-Verschl\u00fcsselung. Eine verschl\u00fcsselte Verbindung erkennen Sie daran, dass die Adresszeile des Browsers von \u201chttp:\/\/\u201d auf \u201chttps:\/\/\u201d wechselt und an dem Schloss-Symbol in Ihrer Browserzeile.<\/p>\n\n\n\n<p>Wenn die SSL- bzw. TLS-Verschl\u00fcsselung aktiviert ist, k\u00f6nnen die Daten, die Sie an uns \u00fcbermitteln, nicht von Dritten mitgelesen werden.<\/p>\n\n\n\n<h4 class=\"wp-block-heading\">Cookies<\/h4>\n\n\n\n<p>Ich nutzen Cookies, um meine Webseite nutzerfreundlicher zu gestalten. Einige Cookies bleiben auf Ihrem Endger\u00e4t gespeichert, bis Sie diese l\u00f6schen. Sie erm\u00f6glichen es uns, Ihren Browser beim n\u00e4chsten Besuch wiederzuerkennen.<\/p>\n\n\n\n<p>Wenn Sie die Speicherung von Daten in Cookies nicht w\u00fcnschen, so k\u00f6nnen Sie Ihren Browser so einrichten, dass er Sie \u00fcber das Setzen von Cookies informiert und Sie dies nur im Einzelfall erlauben. Sie k\u00f6nnen jederzeit Cookies, die sich bereits auf Ihrem Computer befinden, l\u00f6schen oder Cookies deaktivieren. Die Vorgangsweise dazu ist nach Browser unterschiedlich. Wenn Sie uns generell nicht gestatten, Cookies zu nutzen, d.h. diese per Browsereinstellung deaktivieren, k\u00f6nnen manche Funktionen und Seiten m\u00f6glicherweise nicht wie erwartet funktionieren.<\/p>\n\n\n\n<h4 class=\"wp-block-heading\">Google Fonts<\/h4>\n\n\n\n<p>Ich verwende Google Fonts der Firma Google Inc. (1600 Amphitheatre Parkway Mountain View, CA 94043, USA) auf meiner Webseite. Die Verwendung von Google Fonts erfolgt ohne Authentisierung und es werden keine Cookies an die Google Fonts API gesendet. Sollten Sie ein Konto bei Google haben, werden keine Ihrer Google-Kontodaten an Google w\u00e4hrend der Nutzung von Google Fonts \u00fcbermittelt. Google erfasst lediglich die Nutzung von CSS und der verwendeten Fonts und speichert diese Daten sicher.<\/p>\n\n\n\n<h4 class=\"wp-block-heading\">Google Maps<\/h4>\n\n\n\n<p>Ich verwende Google Maps der Firma Google Inc. (1600 Amphitheatre Parkway Mountain View, CA 94043, USA) auf meiner Webseite. Durch die Nutzung der Funktionen dieser Karte werden Daten an Google \u00fcbertragen.<\/p>\n\n\n\n<h4 class=\"wp-block-heading\">Google Analytics<\/h4>\n\n\n\n<p>Ich verwende auf dieser Website Google Analytics der Firma Google LLC (1600 Amphitheatre Parkway Mountain View, CA 94043, USA), um Besucherdaten statistisch auszuwerten. Dabei verwendet Google Analytics zielorientierte Cookies.<\/p>\n\n\n\n<h4 class=\"wp-block-heading\">Einsatz von Social Media-Plug-Ins<\/h4>\n\n\n\n<p>Auf dieser Webseite sind Plug-Ins der sozialen Netzwerke Facebook, Google+ und Twitter integriert. Sie erkennen diese an den jeweiligen Icons am unteren Ende der jeweiligen Seite. Wenn Sie diese Schaltfl\u00e4chen anklicken und damit Ihre Zustimmung zur Kommunikation mit den Netzwerkplattformen erkl\u00e4ren, werden die Buttons aktiv und stellen die Verbindung zu den Social Media Plattformen her. Durch den Klick erhalten die Betreiber der Netzwerkplattformen die Information, dass Sie mit Ihrer IP-Adresse meine Seite besucht haben. Ich weisen darauf hin, dass ich als Anbieter der Seite keine Kenntnis vom Inhalt der \u00fcbermittelten Daten sowie deren Nutzung durch die Betreiber der Netzwerkplattformen erhalten. Weitere Informationen finden Sie in der Datenschutzerkl\u00e4rung der jeweiligen Social Media-Plattformen.<\/p>\n\n\n\n<h4 class=\"wp-block-heading\">Sicherheitsma\u00dfnahmen<\/h4>\n\n\n\n<p>Ich treffe organisatorische, vertragliche und technische Sicherheitsma\u00dfnahmen entsprechend dem Stand der Technik, um sicherzustellen, dass die Vorschriften der Datenschutzgesetze eingehalten werden und um damit die durch uns verarbeiteten Daten gegen zuf\u00e4llige oder vors\u00e4tzliche Manipulationen, Verlust, Zerst\u00f6rung oder gegen den Zugriff unberechtigter Personen zu sch\u00fctzen.<\/p>\n\n\n\n<h4 class=\"wp-block-heading\">Ihre Rechte<\/h4>\n\n\n\n<p>Ihnen stehen grunds\u00e4tzlich die Rechte auf Auskunft, Berichtigung, L\u00f6schung, Einschr\u00e4nkung, Daten\u00fcbertragbarkeit, Widerruf und Widerspruch zu. Wenn Sie glauben, dass die Verarbeitung Ihrer Daten gegen das Datenschutzrecht verst\u00f6\u00dft oder Ihre datenschutzrechtlichen Anspr\u00fcche sonst in einer Weise verletzt worden sind, k\u00f6nnen Sie sich bei der Aufsichtsbeh\u00f6rde beschweren. In \u00d6sterreich ist dies die Datenschutzbeh\u00f6rde.<\/p>\n\n\n\n<p>\u00d6sterreichische Datenschutzbeh\u00f6rde<br>Wickenburggasse 8-10<br>1080 Wien<br>Telefon: +43 1 531 15-202525<br>eMail:&nbsp;<a href=\"mailto:dsb@dsb.gv.at\"><\/a><a href=\"mailto:dsb@dsb.gv.at\">dsb@dsb.gv.at<\/a><br>Homepage:&nbsp;<a href=\"https:\/\/www.dsb.gv.at\/\">https:\/\/www.dsb.gv.at\/<\/a><\/p>\n","protected":false},"excerpt":{"rendered":"<p>Der Schutz Ihrer pers\u00f6nlichen Daten ist mir ein besonderes Anliegen. Ich behandeln Ihre personenbezogenen Daten vertraulich und verarbeiten Ihre Daten daher ausschlie\u00dflich auf Grundlage der gesetzlichen Bestimmungen (DSGVO, TKG 2003). In diesen Datenschutzinformationen informieren ich Sie \u00fcber die wichtigsten Aspekte der Datenverarbeitung im Rahmen meiner Website. Algemeine Hinweise Die folgenden [&hellip;]<\/p>\n","protected":false},"author":1,"featured_media":0,"parent":0,"menu_order":0,"comment_status":"closed","ping_status":"closed","template":"","meta":{"footnotes":""},"class_list":["post-359","page","type-page","status-publish","hentry"],"_links":{"self":[{"href":"http:\/\/www.JuliaStammer.com\/index.php?rest_route=\/wp\/v2\/pages\/359","targetHints":{"allow":["GET"]}}],"collection":[{"href":"http:\/\/www.JuliaStammer.com\/index.php?rest_route=\/wp\/v2\/pages"}],"about":[{"href":"http:\/\/www.JuliaStammer.com\/index.php?rest_route=\/wp\/v2\/types\/page"}],"author":[{"embeddable":true,"href":"http:\/\/www.JuliaStammer.com\/index.php?rest_route=\/wp\/v2\/users\/1"}],"replies":[{"embeddable":true,"href":"http:\/\/www.JuliaStammer.com\/index.php?rest_route=%2Fwp%2Fv2%2Fcomments&post=359"}],"version-history":[{"count":5,"href":"http:\/\/www.JuliaStammer.com\/index.php?rest_route=\/wp\/v2\/pages\/359\/revisions"}],"predecessor-version":[{"id":379,"href":"http:\/\/www.JuliaStammer.com\/index.php?rest_route=\/wp\/v2\/pages\/359\/revisions\/379"}],"wp:attachment":[{"href":"http:\/\/www.JuliaStammer.com\/index.php?rest_route=%2Fwp%2Fv2%2Fmedia&parent=359"}],"curies":[{"name":"wp","href":"https:\/\/api.w.org\/{rel}","templated":true}]}}