{"id":67,"date":"2019-04-21T13:11:17","date_gmt":"2019-04-21T11:11:17","guid":{"rendered":"https:\/\/magjuliastammer.wordpress.com\/?page_id=51"},"modified":"2025-10-13T20:10:09","modified_gmt":"2025-10-13T20:10:09","slug":"kontakt","status":"publish","type":"page","link":"http:\/\/www.JuliaStammer.com\/?page_id=67","title":{"rendered":"Kontakt"},"content":{"rendered":"\n<p>Wenn Sie Fragen haben oder einen Termin vereinbaren m\u00f6chten, k\u00f6nnen Sie mich gerne telefonisch oder per Email kontaktieren.<\/p>\n\n\n\n<p><strong>Terminvereinbarung<\/strong><\/p>\n\n\n\n<p>Mag. Julia Stammer<br>Tel.: +43 676 4054037<br>Email: Stammer.Julia@gmail.com<\/p>\n\n\n\n<p><\/p>\n\n\n\n<p><strong>Praxis J\u00e4gerstra\u00dfe<\/strong><\/p>\n\n\n\n<figure class=\"wp-block-image\"><a href=\"https:\/\/www.google.com\/maps\/search\/j%C3%A4gerstra%C3%9Fe%2B63%2B%2F%2Btop%2B7%2B1200%2Bwien,%2B20.%2Bbezirk\/@48.2345691,16.3625274,15z\" target=\"_blank\" rel=\"noreferrer noopener\"><img loading=\"lazy\" decoding=\"async\" width=\"300\" height=\"225\" src=\"http:\/\/julia-stammer.com\/wp-content\/uploads\/2019\/05\/Jaegerstrasse-300x225.png\" alt=\"\" class=\"wp-image-40\" srcset=\"http:\/\/www.JuliaStammer.com\/wp-content\/uploads\/2019\/05\/Jaegerstrasse-300x225.png 300w, http:\/\/www.JuliaStammer.com\/wp-content\/uploads\/2019\/05\/Jaegerstrasse.png 400w\" sizes=\"auto, (max-width: 300px) 100vw, 300px\" \/><\/a><\/figure>\n\n\n\n<p>Adresse:&nbsp;<a rel=\"noreferrer noopener\" href=\"https:\/\/www.google.com\/maps\/search\/j%C3%A4gerstra%C3%9Fe%2B63%2B%2F%2Btop%2B7%2B1200%2Bwien,%2B20.%2Bbezirk\/@48.2345691,16.3625274,15z\" target=\"_blank\">J\u00e4gerstra\u00dfe 63 \/ Top 7, 1200 Wien, 20. Bezirk<\/a><br>Telefon: <a href=\"tel: +43 676 405403\">+43 676 405403<\/a><\/p>\n\n\n\n<p><em>Anfahrtsbeschreibung<\/em><br>Diese Praxis liegt in unmittelbarer N\u00e4he der U6 J\u00e4gerstrasse und ist barrierefrei zug\u00e4nglich. Sie k\u00f6nnen mich mit dem Bus 5B, den Stra\u00dfenbahnen 31 und 33 sowie mit der U6 erreichen. Parkpl\u00e4tze in der unmittelbaren Umgebung sind ausreichend vorhanden, diese sind zwischen 9 und 22 Uhr geb\u00fchrenpflichtig. Im Parkhaus Wexstrasse (Merkur) stehen ebenfalls ausreichend Parkpl\u00e4tze zu Verf\u00fcgung (1,5 Stunden gratis parken).<\/p>\n","protected":false},"excerpt":{"rendered":"<p>Wenn Sie Fragen haben oder einen Termin vereinbaren m\u00f6chten, k\u00f6nnen Sie mich gerne telefonisch oder per Email kontaktieren. Terminvereinbarung Mag. Julia StammerTel.: +43 676 4054037Email: Stammer.Julia@gmail.com Praxis J\u00e4gerstra\u00dfe Adresse:&nbsp;J\u00e4gerstra\u00dfe 63 \/ Top 7, 1200 Wien, 20. BezirkTelefon: +43 676 405403 AnfahrtsbeschreibungDiese Praxis liegt in unmittelbarer N\u00e4he der U6 J\u00e4gerstrasse und [&hellip;]<\/p>\n","protected":false},"author":1,"featured_media":0,"parent":0,"menu_order":0,"comment_status":"closed","ping_status":"closed","template":"","meta":{"footnotes":""},"class_list":["post-67","page","type-page","status-publish","hentry"],"_links":{"self":[{"href":"http:\/\/www.JuliaStammer.com\/index.php?rest_route=\/wp\/v2\/pages\/67","targetHints":{"allow":["GET"]}}],"collection":[{"href":"http:\/\/www.JuliaStammer.com\/index.php?rest_route=\/wp\/v2\/pages"}],"about":[{"href":"http:\/\/www.JuliaStammer.com\/index.php?rest_route=\/wp\/v2\/types\/page"}],"author":[{"embeddable":true,"href":"http:\/\/www.JuliaStammer.com\/index.php?rest_route=\/wp\/v2\/users\/1"}],"replies":[{"embeddable":true,"href":"http:\/\/www.JuliaStammer.com\/index.php?rest_route=%2Fwp%2Fv2%2Fcomments&post=67"}],"version-history":[{"count":10,"href":"http:\/\/www.JuliaStammer.com\/index.php?rest_route=\/wp\/v2\/pages\/67\/revisions"}],"predecessor-version":[{"id":385,"href":"http:\/\/www.JuliaStammer.com\/index.php?rest_route=\/wp\/v2\/pages\/67\/revisions\/385"}],"wp:attachment":[{"href":"http:\/\/www.JuliaStammer.com\/index.php?rest_route=%2Fwp%2Fv2%2Fmedia&parent=67"}],"curies":[{"name":"wp","href":"https:\/\/api.w.org\/{rel}","templated":true}]}}