{"id":94,"date":"2019-04-28T14:07:48","date_gmt":"2019-04-28T12:07:48","guid":{"rendered":"https:\/\/magjuliastammer.wordpress.com\/?page_id=94"},"modified":"2019-06-09T12:08:36","modified_gmt":"2019-06-09T12:08:36","slug":"angebot","status":"publish","type":"page","link":"http:\/\/www.JuliaStammer.com\/?page_id=94","title":{"rendered":"Meine Angebote"},"content":{"rendered":"\n<p>Sie dabei zu unterst\u00fctzen schwierige Lebenslagen zu meistern und Ihre eigentlichen W\u00fcnsche, Talente und erf\u00fcllte zwischenmenschliche Beziehungen zu leben ist mir ein besonderes Anliegen. Dabei arbeite ich l\u00f6sungs- und ressourcenorientiert. Mein Fokus liegt auf den jetzigen vorrangigen Belastungen und Anliegen. Davon ausgehend k\u00f6nnen wir uns mit weiteren zentralen Themen und Fragen besch\u00e4ftigen, wenn das erforderlich oder gew\u00fcnscht ist. Mir ist es wichtig gemeinsam mit Ihnen den bestm\u00f6glichen, realistischen Weg zu erarbeiten.<\/p>\n\n\n\n<p style=\"text-align:left\">Folgende Leistungen k\u00f6nnen Sie bei mir in Anspruch nehmen:<\/p>\n\n\n\n<ul class=\"wp-block-list\"><li><a href=\"http:\/\/juliastammer.com\/?page_id=98\">Psychotherapie <\/a>(Einzel &amp; Paare; f\u00fcr Erwachsene)<br><em style=\"color:var(--color-text);\">Psychotherapie ist ein eigenst\u00e4ndiges Heilverfahren im Gesundheitsbereich f\u00fcr die Behandlung von psychischen, psychosozialen oder auch psychosomatisch bedingten Verhaltensst\u00f6rungen und Leidenszust\u00e4nden. Wann sind Sie hier richtig?<\/em><\/li><\/ul>\n\n\n\n<ul class=\"wp-block-list\"><li><a href=\"http:\/\/JuliaStammer.com\/?page_id=102\">Psychologische Beratung<\/a> (Einzel &amp; Gruppe f\u00fcr Erwachsene und Jugendliche)<br><em style=\"color:var(--color-text);\">Die psychologische Beratung setzt Untersuchungs- und Behandlungsmethoden ein, die auf Basis wissenschaftlicher Erkenntnisse gewonnen wurden. Als Arbeits-, Klinische- &amp; Gesundheitspsychologin kann die psychologische Beratung sowohl arbeitsbezogen oder-\/ und gesundheitsbezogen sein. Wann sind Sie hier richtig?<\/em><\/li><\/ul>\n\n\n\n<ul class=\"wp-block-list\"><li><a href=\"http:\/\/juliastammer.com\/?page_id=107\">Selbsterfahrung &amp; Supervision<\/a> <br><em>F\u00fcr KandidatInnen in der Ausbildung zur Klinischen- und\/oder GesundheitspsychologIn (Einzel &amp; Gruppe)<\/em><\/li><\/ul>\n","protected":false},"excerpt":{"rendered":"<p>Sie dabei zu unterst\u00fctzen schwierige Lebenslagen zu meistern und Ihre eigentlichen W\u00fcnsche, Talente und erf\u00fcllte zwischenmenschliche Beziehungen zu leben ist mir ein besonderes Anliegen. Dabei arbeite ich l\u00f6sungs- und ressourcenorientiert. Mein Fokus liegt auf den jetzigen vorrangigen Belastungen und Anliegen. Davon ausgehend k\u00f6nnen wir uns mit weiteren zentralen Themen und [&hellip;]<\/p>\n","protected":false},"author":1,"featured_media":0,"parent":0,"menu_order":0,"comment_status":"closed","ping_status":"closed","template":"","meta":{"footnotes":""},"class_list":["post-94","page","type-page","status-publish","hentry"],"_links":{"self":[{"href":"http:\/\/www.JuliaStammer.com\/index.php?rest_route=\/wp\/v2\/pages\/94","targetHints":{"allow":["GET"]}}],"collection":[{"href":"http:\/\/www.JuliaStammer.com\/index.php?rest_route=\/wp\/v2\/pages"}],"about":[{"href":"http:\/\/www.JuliaStammer.com\/index.php?rest_route=\/wp\/v2\/types\/page"}],"author":[{"embeddable":true,"href":"http:\/\/www.JuliaStammer.com\/index.php?rest_route=\/wp\/v2\/users\/1"}],"replies":[{"embeddable":true,"href":"http:\/\/www.JuliaStammer.com\/index.php?rest_route=%2Fwp%2Fv2%2Fcomments&post=94"}],"version-history":[{"count":4,"href":"http:\/\/www.JuliaStammer.com\/index.php?rest_route=\/wp\/v2\/pages\/94\/revisions"}],"predecessor-version":[{"id":338,"href":"http:\/\/www.JuliaStammer.com\/index.php?rest_route=\/wp\/v2\/pages\/94\/revisions\/338"}],"wp:attachment":[{"href":"http:\/\/www.JuliaStammer.com\/index.php?rest_route=%2Fwp%2Fv2%2Fmedia&parent=94"}],"curies":[{"name":"wp","href":"https:\/\/api.w.org\/{rel}","templated":true}]}}