{"id":98,"date":"2019-04-28T14:11:17","date_gmt":"2019-04-28T12:11:17","guid":{"rendered":"https:\/\/magjuliastammer.wordpress.com\/?page_id=98"},"modified":"2019-05-26T20:05:56","modified_gmt":"2019-05-26T20:05:56","slug":"psychotherapie","status":"publish","type":"page","link":"http:\/\/www.JuliaStammer.com\/?page_id=98","title":{"rendered":"Psychotherapie"},"content":{"rendered":"<p><span style=\"color: #000000;\"><span lang=\"de-AT\">Psychotherapie ist ein eigenst\u00e4ndiges Heilverfahren im Gesundheitsbereich f\u00fcr die Behandlung von psychischen, psychosozialen oder auch psychosomatisch bedingten Verhaltensst\u00f6rungen und Leidenszust\u00e4nden. <\/span><\/span><\/p>\n<p><span style=\"color: #000000;\"><span lang=\"de-AT\">Wann sind Sie hier richtig?<\/span><\/span><\/p>\n<ul>\n<li><span style=\"color: #000000;\"><span lang=\"de-AT\">Bei psychischen Beschwerden wie z.B. \u00c4ngsten, Depressionen, Zw\u00e4ngen, Burn-out, Traumatisierungen, Schmerzen, Sucht etc.<\/span><\/span><\/li>\n<li><span style=\"color: #000000;\"><span lang=\"de-AT\">Bei Lebenskrisen wie z.B. Beziehungskrisen, beruflichen Belastungen, pers\u00f6nlichen oder famili\u00e4ren Schicksalsschl\u00e4gen, chronischer Erkrankung etc.<\/span><\/span><\/li>\n<li><span style=\"color: #000000;\"><span lang=\"de-AT\">Wenn es um pers\u00f6nliches Wachstum geht wie z.B. aus eingefahrenen, immer wiederkehrende Verhaltens- und\/oder Gedankenmustern auszubrechen, neue Ziele und W\u00fcnsche zu erreichen, Talente zu erkennen und zu leben, erf\u00fclltere zwischenmenschliche Beziehungen zu f\u00fchren etc. <\/span><\/span><\/li>\n<\/ul>\n<p><span style=\"color: #000000;\"><span lang=\"de-AT\">Mein Psychotherapieangebot an Sie basiert auf einer fundierten psychotherapeutischen Aus- und Weiterbildung, ich arbeite mit Methoden aus der Integrativen Gestalttherapie.<\/span><\/span><\/p>\n","protected":false},"excerpt":{"rendered":"<p>Psychotherapie ist ein eigenst\u00e4ndiges Heilverfahren im Gesundheitsbereich f\u00fcr die Behandlung von psychischen, psychosozialen oder auch psychosomatisch bedingten Verhaltensst\u00f6rungen und Leidenszust\u00e4nden. Wann sind Sie hier richtig? Bei psychischen Beschwerden wie z.B. \u00c4ngsten, Depressionen, Zw\u00e4ngen, Burn-out, Traumatisierungen, Schmerzen, Sucht etc. Bei Lebenskrisen wie z.B. Beziehungskrisen, beruflichen Belastungen, pers\u00f6nlichen oder famili\u00e4ren Schicksalsschl\u00e4gen, chronischer [&hellip;]<\/p>\n","protected":false},"author":2,"featured_media":0,"parent":94,"menu_order":0,"comment_status":"closed","ping_status":"closed","template":"","meta":{"footnotes":""},"class_list":["post-98","page","type-page","status-publish","hentry"],"_links":{"self":[{"href":"http:\/\/www.JuliaStammer.com\/index.php?rest_route=\/wp\/v2\/pages\/98","targetHints":{"allow":["GET"]}}],"collection":[{"href":"http:\/\/www.JuliaStammer.com\/index.php?rest_route=\/wp\/v2\/pages"}],"about":[{"href":"http:\/\/www.JuliaStammer.com\/index.php?rest_route=\/wp\/v2\/types\/page"}],"author":[{"embeddable":true,"href":"http:\/\/www.JuliaStammer.com\/index.php?rest_route=\/wp\/v2\/users\/2"}],"replies":[{"embeddable":true,"href":"http:\/\/www.JuliaStammer.com\/index.php?rest_route=%2Fwp%2Fv2%2Fcomments&post=98"}],"version-history":[{"count":1,"href":"http:\/\/www.JuliaStammer.com\/index.php?rest_route=\/wp\/v2\/pages\/98\/revisions"}],"predecessor-version":[{"id":264,"href":"http:\/\/www.JuliaStammer.com\/index.php?rest_route=\/wp\/v2\/pages\/98\/revisions\/264"}],"up":[{"embeddable":true,"href":"http:\/\/www.JuliaStammer.com\/index.php?rest_route=\/wp\/v2\/pages\/94"}],"wp:attachment":[{"href":"http:\/\/www.JuliaStammer.com\/index.php?rest_route=%2Fwp%2Fv2%2Fmedia&parent=98"}],"curies":[{"name":"wp","href":"https:\/\/api.w.org\/{rel}","templated":true}]}}