{"id":19,"date":"2019-05-26T10:33:09","date_gmt":"2019-05-26T10:33:09","guid":{"rendered":"http:\/\/julia-stammer.com\/?page_id=19"},"modified":"2025-10-13T20:07:11","modified_gmt":"2025-10-13T20:07:11","slug":"hestia-front","status":"publish","type":"page","link":"https:\/\/www.JuliaStammer.com\/","title":{"rendered":"Front Page"},"content":{"rendered":"\n<p style=\"text-align:center\"><strong>Bin ich hier richtig?<\/strong><\/p>\n\n\n\n<p style=\"text-align:center\">Vielleicht haben Sie das Gef\u00fchl festzustecken und trotz aller Bem\u00fchungen keinen Ausweg mehr zu sehen. Oder Sie wissen einfach nicht mehr weiter. Sie f\u00fchlen sich ausgelaugt und ersch\u00f6pft und im ewigen Hamsterrad gefangen. M\u00f6glicherweise m\u00fcssen Sie st\u00e4ndig gr\u00fcbeln, Sie schlafen schlecht, sind unruhig und Sie plagen vermehrt Sorgen und \u00c4ngste? Immer wieder fragen Sie sich WARUM gerade Ihnen das passiert? Dann sind Sie bei mir genau richtig! Ich unterst\u00fctze Sie dabei genau in Ihrer Situation L\u00f6sungen zu erarbeiten und Antworten auf Ihre Fragen zu finden.  Meine gr\u00f6\u00dfte St\u00e4rke ist es Sie aus schwierigen Lebenslagen heraus zu begleiten. <\/p>\n\n\n\n<p> <\/p>\n","protected":false},"excerpt":{"rendered":"<p>Bin ich hier richtig? Vielleicht haben Sie das Gef\u00fchl festzustecken und trotz aller Bem\u00fchungen keinen Ausweg mehr zu sehen. Oder Sie wissen einfach nicht mehr weiter. Sie f\u00fchlen sich ausgelaugt und ersch\u00f6pft und im ewigen Hamsterrad gefangen. M\u00f6glicherweise m\u00fcssen Sie st\u00e4ndig gr\u00fcbeln, Sie schlafen schlecht, sind unruhig und Sie plagen [&hellip;]<\/p>\n","protected":false},"author":1,"featured_media":0,"parent":0,"menu_order":0,"comment_status":"closed","ping_status":"closed","template":"","meta":{"footnotes":""},"class_list":["post-19","page","type-page","status-publish","hentry"],"_links":{"self":[{"href":"https:\/\/www.JuliaStammer.com\/index.php?rest_route=\/wp\/v2\/pages\/19","targetHints":{"allow":["GET"]}}],"collection":[{"href":"https:\/\/www.JuliaStammer.com\/index.php?rest_route=\/wp\/v2\/pages"}],"about":[{"href":"https:\/\/www.JuliaStammer.com\/index.php?rest_route=\/wp\/v2\/types\/page"}],"author":[{"embeddable":true,"href":"https:\/\/www.JuliaStammer.com\/index.php?rest_route=\/wp\/v2\/users\/1"}],"replies":[{"embeddable":true,"href":"https:\/\/www.JuliaStammer.com\/index.php?rest_route=%2Fwp%2Fv2%2Fcomments&post=19"}],"version-history":[{"count":10,"href":"https:\/\/www.JuliaStammer.com\/index.php?rest_route=\/wp\/v2\/pages\/19\/revisions"}],"predecessor-version":[{"id":324,"href":"https:\/\/www.JuliaStammer.com\/index.php?rest_route=\/wp\/v2\/pages\/19\/revisions\/324"}],"wp:attachment":[{"href":"https:\/\/www.JuliaStammer.com\/index.php?rest_route=%2Fwp%2Fv2%2Fmedia&parent=19"}],"curies":[{"name":"wp","href":"https:\/\/api.w.org\/{rel}","templated":true}]}}